{"id":544,"date":"2019-06-12T13:11:56","date_gmt":"2019-06-12T11:11:56","guid":{"rendered":"https:\/\/www.chateau-malleret.fr\/?page_id=544"},"modified":"2023-11-16T22:33:55","modified_gmt":"2023-11-16T21:33:55","slug":"legal-information","status":"publish","type":"page","link":"https:\/\/www.chateau-malleret.fr\/en\/legal-information\/","title":{"rendered":"Legal information"},"content":{"rendered":"<div class=\"full center\">\n<div class=\"txtcontent hommes\"  style=\"text-align:left\">\n<div class=\"text\">\n<h2 class=\"chapo\">Legal information<\/h2>\n<p>Design and production: <a href=\"https:\/\/www.lasuite-atelier.com\/\" target=\"_blank\" rel=\"noopener noreferrer\">Lasuite Atelier<\/a><br \/>\nHosting: OVH SAS, 2 rue Kellermann, 59 100 Roubaix, France <br \/>\nPhotography: J\u00e9r\u00f4me Mondi\u00e8re \/ Pierre Grenet<br \/>\nEditor: Laurence Duchemin<br \/>\nIDU : FR201544_01VQYU<\/p>\n<h2>Liability<\/h2>\n<p>Users acknowledge that they have taken note of these terms and conditions and undertake to respect them. <br \/>\nUsers of the Internet site www.chateau-malleret.fr confirm that they have the necessary skills and means to access and use the site. <br \/>\nUsers of the Internet site www.chateau-malleret.fr acknowledge that the computer system they use is free from all viruses and that it is in perfect working order. <br \/>\nWe have done everything possible to ensure that information and\/or tools are available and checked, but we cannot be held responsible for any errors, for lack of availability of any functions and\/or the presence of a virus on our site. <br \/>\nAny information provided by Ch\u00e2teau de Malleret is given for guidance only and does not absolve users from performing their own supplementary and personal research. <br \/>\nWe are not in a position to guarantee the accuracy, completeness or current validity of any information provided through our site. <br \/>\nIn consequence, users acknowledge that any use made of this information is entirely under their own responsibility. <br \/>\nIn order to access this site, you must have reached the legal age for consumption of alcohol in your country \u2013 if this is not the case, please leave the site. If you are of the required age, please drink our products in moderation.<\/p>\n<h2>Countries where alcohol restrictions apply<\/h2>\n<p>In certain countries it is forbidden to access a site like ours, because local legislation restricts the sale and\/or promotion of alcoholic beverages. <br \/>\nIf you are accessing this site from a country where such restrictions apply, you are required to disconnect immediately. <br \/>\nIf you are not familiar with the laws on this subject in your country, it is recommended that you leave the site now and make yourself aware of your rights before continuing.<\/p>\n<h2>Intellectual property rights<\/h2>\n<p>The overall design, as well as the texts, still and moving images, audio, know-how and all other elements making up the site are the sole property of Ch\u00e2teau de Malleret and\/or its suppliers. <br \/>\nThe whole of this site comes under the French law on copyright and intellectual property. <br \/>\nThe same applies to all databases on the web site which are protected by the provisions of the Law of 1 July 1998 (article L112-3) and of which Ch\u00e2teau de Malleret is the producer. <br \/>\nThe reproduction in whole or in part of this site (other than technically necessary in order to consult it) on any type of electronic device is expressly forbidden. <br \/>\nReproduction of a part of the site on paper is authorised, subject to the following two conditions: <br \/>\n\u2212 respect for the integrity of the documents reproduced: no changes or modifications of any sort are allowed; <br \/>\n\u2212 clear and legible citation of the source, for example: \u201cThis document was sourced from the site www.chateau-malleret.fr. Copyright and all other rights reserved.\u201d <br \/>\nThe internet address of the site www.chateau-malleret.fr must always be included in the citation. <br \/>\nUse of the site content in contravention of these regulations will be considered as counterfeiting as defined in article 335-2 of the Law on intellectual property. <br \/>\nOver and above any damages and interest for civil liability, this can be punished by a fine of 300 000 euros and\/or three years\u2019 imprisonment. <br \/>\nFor any other uses, please contact us. All hypertext links to this site www.chateau-malleret.fr from other sites on the Internet network must be expressly authorised in writing by Ch\u00e2teau de Malleret. Please contact us. <br \/>\nCh\u00e2teau de Malleret cannot be held responsible for the content of other Internet sites accessed via hyperlinks present on the site www.chateau-malleret.fr.<\/p>\n<h2>Personal data protection<\/h2>\n<p>According to article 34 of the French law n\u00b0 78-17 of 6 January 1978 regarding Data Processing, Data Files and Individual Liberties, any user who has directly or indirectly placed personal information on the site has the right to ask the service provider to reveal this information, and to have it corrected or deleted as appropriate by contacting Ch\u00e2teau de Malleret.<br \/>\nThe collection of requested information is necessary to process your request. Your subscription will allow you to receive our news review a few times a year. A confirmation request will be sent to you by e-mail (double opt-in). The information provided is reserved for the exclusive use of the communication, client and commercial departments of Ch\u00e2teau de Malleret and will not be communicated to third parties.<br \/>\nYou have a right to access, rectify, oppose and delete data concerning you. You can exercise it at any time directly from the e-mail messages that will be sent to you, by email: contact@chateau-malleret.fr or by sending a letter to the controllers indicating your e-mail address: Ch\u00e2teau de Malleret 470 chemin de Malleret 33290 Le Pian-M\u00e9doc<\/p>\n<p>If you feel that you are the victim of a violation of your rights or if we do not reply, you have the possibility to lodge a complaint with the CNIL. CNIL Declaration N \u00b0 1276250.<\/p>\n<h2>Cookies<\/h2>\n<p>A cookie is a marker left by our site on the hard disk of your computer. <br \/>\nIts aim is to simplify navigation for you when you next visit the site. <br \/>\nOur site www.chateau-malleret.fr may use cookie technology in order: <br \/>\n\u2212 to gather statistics regarding navigation on the site; <br \/>\n\u2212 to allow the proper functioning of certain applications on the site, for which cookies are necessary; <br \/>\n\u2212 to keep note of your identity <br \/>\n\u2013 this would allow us to make personalised offers when you next visit the site. You have the right to refuse the use of cookies by our site and you can do so by configuring your Internet browser accordingly.<\/p>\n<\/div>\n<\/div>\n<\/div>\n<\/div>\n","protected":false},"excerpt":{"rendered":"<p>Legal information Design and production: Lasuite Atelier Hosting: OVH SAS, 2 rue Kellermann, 59 100 Roubaix, France Photography: J\u00e9r\u00f4me Mondi\u00e8re \/ Pierre Grenet Editor: Laurence Duchemin IDU : FR201544_01VQYU Liability Users acknowledge that they have taken note of these terms and conditions and undertake to respect them. Users of the Internet site www.chateau-malleret.fr confirm that [&hellip;]<\/p>\n","protected":false},"author":1,"featured_media":0,"parent":0,"menu_order":0,"comment_status":"closed","ping_status":"closed","template":"","meta":{"footnotes":""},"class_list":["post-544","page","type-page","status-publish","hentry"],"yoast_head":"<!-- This site is optimized with the Yoast SEO plugin v26.5 - https:\/\/yoast.com\/wordpress\/plugins\/seo\/ -->\n<title>Ch\u00e2teau de Malleret - Cru Bourgeois Exceptionnel - AOC Haut-M\u00e9doc<\/title>\n<meta name=\"description\" content=\"The Ch\u00e2teau de Malleret is a unique wine estate of 350 Ha, located at the gates of Bordeaux.\" \/>\n<meta name=\"robots\" content=\"index, follow, max-snippet:-1, max-image-preview:large, max-video-preview:-1\" \/>\n<link rel=\"canonical\" href=\"https:\/\/www.chateau-malleret.fr\/en\/legal-information\/\" \/>\n<meta property=\"og:locale\" content=\"en_US\" \/>\n<meta property=\"og:type\" content=\"article\" \/>\n<meta property=\"og:title\" content=\"Ch\u00e2teau de Malleret - Cru Bourgeois Exceptionnel - AOC Haut-M\u00e9doc\" \/>\n<meta property=\"og:description\" content=\"The Ch\u00e2teau de Malleret is a unique wine estate of 350 Ha, located at the gates of Bordeaux.\" \/>\n<meta property=\"og:url\" content=\"https:\/\/www.chateau-malleret.fr\/en\/legal-information\/\" \/>\n<meta property=\"og:site_name\" content=\"Ch\u00e2teau de Malleret\" \/>\n<meta property=\"article:modified_time\" content=\"2023-11-16T21:33:55+00:00\" \/>\n<meta name=\"twitter:card\" content=\"summary_large_image\" \/>\n<meta name=\"twitter:label1\" content=\"Est. reading time\" \/>\n\t<meta name=\"twitter:data1\" content=\"5 minutes\" \/>\n<script type=\"application\/ld+json\" class=\"yoast-schema-graph\">{\"@context\":\"https:\/\/schema.org\",\"@graph\":[{\"@type\":\"WebPage\",\"@id\":\"https:\/\/www.chateau-malleret.fr\/en\/legal-information\/\",\"url\":\"https:\/\/www.chateau-malleret.fr\/en\/legal-information\/\",\"name\":\"Ch\u00e2teau de Malleret - Cru Bourgeois Exceptionnel - AOC Haut-M\u00e9doc\",\"isPartOf\":{\"@id\":\"https:\/\/www.chateau-malleret.fr\/en\/#website\"},\"datePublished\":\"2019-06-12T11:11:56+00:00\",\"dateModified\":\"2023-11-16T21:33:55+00:00\",\"description\":\"The Ch\u00e2teau de Malleret is a unique wine estate of 350 Ha, located at the gates of Bordeaux.\",\"breadcrumb\":{\"@id\":\"https:\/\/www.chateau-malleret.fr\/en\/legal-information\/#breadcrumb\"},\"inLanguage\":\"en-US\",\"potentialAction\":[{\"@type\":\"ReadAction\",\"target\":[\"https:\/\/www.chateau-malleret.fr\/en\/legal-information\/\"]}]},{\"@type\":\"BreadcrumbList\",\"@id\":\"https:\/\/www.chateau-malleret.fr\/en\/legal-information\/#breadcrumb\",\"itemListElement\":[{\"@type\":\"ListItem\",\"position\":1,\"name\":\"Accueil\",\"item\":\"https:\/\/www.chateau-malleret.fr\/en\/\"},{\"@type\":\"ListItem\",\"position\":2,\"name\":\"Legal information\"}]},{\"@type\":\"WebSite\",\"@id\":\"https:\/\/www.chateau-malleret.fr\/en\/#website\",\"url\":\"https:\/\/www.chateau-malleret.fr\/en\/\",\"name\":\"Ch\u00e2teau de Malleret\",\"description\":\"\",\"potentialAction\":[{\"@type\":\"SearchAction\",\"target\":{\"@type\":\"EntryPoint\",\"urlTemplate\":\"https:\/\/www.chateau-malleret.fr\/en\/?s={search_term_string}\"},\"query-input\":{\"@type\":\"PropertyValueSpecification\",\"valueRequired\":true,\"valueName\":\"search_term_string\"}}],\"inLanguage\":\"en-US\"}]}<\/script>\n<!-- \/ Yoast SEO plugin. -->","yoast_head_json":{"title":"Ch\u00e2teau de Malleret - Cru Bourgeois Exceptionnel - AOC Haut-M\u00e9doc","description":"The Ch\u00e2teau de Malleret is a unique wine estate of 350 Ha, located at the gates of Bordeaux.","robots":{"index":"index","follow":"follow","max-snippet":"max-snippet:-1","max-image-preview":"max-image-preview:large","max-video-preview":"max-video-preview:-1"},"canonical":"https:\/\/www.chateau-malleret.fr\/en\/legal-information\/","og_locale":"en_US","og_type":"article","og_title":"Ch\u00e2teau de Malleret - Cru Bourgeois Exceptionnel - AOC Haut-M\u00e9doc","og_description":"The Ch\u00e2teau de Malleret is a unique wine estate of 350 Ha, located at the gates of Bordeaux.","og_url":"https:\/\/www.chateau-malleret.fr\/en\/legal-information\/","og_site_name":"Ch\u00e2teau de Malleret","article_modified_time":"2023-11-16T21:33:55+00:00","twitter_card":"summary_large_image","twitter_misc":{"Est. reading time":"5 minutes"},"schema":{"@context":"https:\/\/schema.org","@graph":[{"@type":"WebPage","@id":"https:\/\/www.chateau-malleret.fr\/en\/legal-information\/","url":"https:\/\/www.chateau-malleret.fr\/en\/legal-information\/","name":"Ch\u00e2teau de Malleret - Cru Bourgeois Exceptionnel - AOC Haut-M\u00e9doc","isPartOf":{"@id":"https:\/\/www.chateau-malleret.fr\/en\/#website"},"datePublished":"2019-06-12T11:11:56+00:00","dateModified":"2023-11-16T21:33:55+00:00","description":"The Ch\u00e2teau de Malleret is a unique wine estate of 350 Ha, located at the gates of Bordeaux.","breadcrumb":{"@id":"https:\/\/www.chateau-malleret.fr\/en\/legal-information\/#breadcrumb"},"inLanguage":"en-US","potentialAction":[{"@type":"ReadAction","target":["https:\/\/www.chateau-malleret.fr\/en\/legal-information\/"]}]},{"@type":"BreadcrumbList","@id":"https:\/\/www.chateau-malleret.fr\/en\/legal-information\/#breadcrumb","itemListElement":[{"@type":"ListItem","position":1,"name":"Accueil","item":"https:\/\/www.chateau-malleret.fr\/en\/"},{"@type":"ListItem","position":2,"name":"Legal information"}]},{"@type":"WebSite","@id":"https:\/\/www.chateau-malleret.fr\/en\/#website","url":"https:\/\/www.chateau-malleret.fr\/en\/","name":"Ch\u00e2teau de Malleret","description":"","potentialAction":[{"@type":"SearchAction","target":{"@type":"EntryPoint","urlTemplate":"https:\/\/www.chateau-malleret.fr\/en\/?s={search_term_string}"},"query-input":{"@type":"PropertyValueSpecification","valueRequired":true,"valueName":"search_term_string"}}],"inLanguage":"en-US"}]}},"_links":{"self":[{"href":"https:\/\/www.chateau-malleret.fr\/en\/wp-json\/wp\/v2\/pages\/544","targetHints":{"allow":["GET"]}}],"collection":[{"href":"https:\/\/www.chateau-malleret.fr\/en\/wp-json\/wp\/v2\/pages"}],"about":[{"href":"https:\/\/www.chateau-malleret.fr\/en\/wp-json\/wp\/v2\/types\/page"}],"author":[{"embeddable":true,"href":"https:\/\/www.chateau-malleret.fr\/en\/wp-json\/wp\/v2\/users\/1"}],"replies":[{"embeddable":true,"href":"https:\/\/www.chateau-malleret.fr\/en\/wp-json\/wp\/v2\/comments?post=544"}],"version-history":[{"count":6,"href":"https:\/\/www.chateau-malleret.fr\/en\/wp-json\/wp\/v2\/pages\/544\/revisions"}],"predecessor-version":[{"id":1082,"href":"https:\/\/www.chateau-malleret.fr\/en\/wp-json\/wp\/v2\/pages\/544\/revisions\/1082"}],"wp:attachment":[{"href":"https:\/\/www.chateau-malleret.fr\/en\/wp-json\/wp\/v2\/media?parent=544"}],"curies":[{"name":"wp","href":"https:\/\/api.w.org\/{rel}","templated":true}]}}