{"id":490,"date":"2019-06-12T13:10:49","date_gmt":"2019-06-12T11:10:49","guid":{"rendered":"https:\/\/www.chateau-malleret.fr\/?page_id=490"},"modified":"2020-11-01T23:07:46","modified_gmt":"2020-11-01T22:07:46","slug":"the-cellars","status":"publish","type":"page","link":"https:\/\/www.chateau-malleret.fr\/en\/the-cellars\/","title":{"rendered":"The cellars"},"content":{"rendered":"<div class=\"header_vins\">\n\n<div id=\"rev_slider_5_1_wrapper\" class=\"rev_slider_wrapper fullwidthbanner-container\" data-source=\"gallery\" style=\"margin:0px auto;background:transparent;padding:0px;margin-top:0px;margin-bottom:0px;\">\n<!-- START REVOLUTION SLIDER 5.4.8.3 auto mode -->\n\t<div id=\"rev_slider_5_1\" class=\"rev_slider fullwidthabanner\" style=\"display:none;\" data-version=\"5.4.8.3\">\n<ul>\t<!-- SLIDE  -->\n\t<li data-index=\"rs-9\" data-transition=\"fade\" data-slotamount=\"default\" data-hideafterloop=\"0\" data-hideslideonmobile=\"off\"  data-easein=\"default\" data-easeout=\"default\" data-masterspeed=\"300\"  data-rotate=\"0\"  data-saveperformance=\"off\"  data-title=\"Slide\" data-param1=\"\" data-param2=\"\" data-param3=\"\" data-param4=\"\" data-param5=\"\" data-param6=\"\" data-param7=\"\" data-param8=\"\" data-param9=\"\" data-param10=\"\" data-description=\"\">\n\t\t<!-- MAIN IMAGE -->\n\t\t<img loading=\"lazy\" decoding=\"async\" src=\"https:\/\/www.chateau-malleret.fr\/wp-content\/uploads\/2019\/01\/header_chais.jpg\"  alt=\"\" title=\"header_chais\"  width=\"1920\" height=\"850\" data-bgposition=\"center center\" data-bgfit=\"cover\" data-bgrepeat=\"no-repeat\" data-bgparallax=\"14\" class=\"rev-slidebg\" data-no-retina>\n\t\t<!-- LAYERS -->\n\t<\/li>\n<\/ul>\n<div class=\"tp-bannertimer tp-bottom\" style=\"visibility: hidden !important;\"><\/div>\t<\/div>\n<script>var htmlDiv = document.getElementById(\"rs-plugin-settings-inline-css\"); var htmlDivCss=\"\";\n\t\t\t\tif(htmlDiv) {\n\t\t\t\t\thtmlDiv.innerHTML = htmlDiv.innerHTML + htmlDivCss;\n\t\t\t\t}else{\n\t\t\t\t\tvar htmlDiv = document.createElement(\"div\");\n\t\t\t\t\thtmlDiv.innerHTML = \"<style>\" + htmlDivCss + \"<\/style>\";\n\t\t\t\t\tdocument.getElementsByTagName(\"head\")[0].appendChild(htmlDiv.childNodes[0]);\n\t\t\t\t}\n\t\t\t<\/script>\n\t\t<script type=\"text\/javascript\">\nif (setREVStartSize!==undefined) setREVStartSize(\n\t{c: '#rev_slider_5_1', gridwidth: [1240], gridheight: [680], sliderLayout: 'auto'});\n\t\t\t\nvar revapi5,\n\ttpj;\t\n(function() {\t\t\t\n\tif (!\/loaded|interactive|complete\/.test(document.readyState)) document.addEventListener(\"DOMContentLoaded\",onLoad); else onLoad();\t\n\tfunction onLoad() {\t\t\t\t\n\t\tif (tpj===undefined) { tpj = jQuery; if(\"off\" == \"on\") tpj.noConflict();}\n\tif(tpj(\"#rev_slider_5_1\").revolution == undefined){\n\t\trevslider_showDoubleJqueryError(\"#rev_slider_5_1\");\n\t}else{\n\t\trevapi5 = tpj(\"#rev_slider_5_1\").show().revolution({\n\t\t\tsliderType:\"standard\",\n\t\t\tjsFileLocation:\"\/\/www.chateau-malleret.fr\/wp-content\/plugins\/revslider\/public\/assets\/js\/\",\n\t\t\tsliderLayout:\"auto\",\n\t\t\tdottedOverlay:\"none\",\n\t\t\tdelay:9000,\n\t\t\tnavigation: {\n\t\t\t\tonHoverStop:\"off\",\n\t\t\t},\n\t\t\tvisibilityLevels:[1240,1024,778,480],\n\t\t\tgridwidth:1240,\n\t\t\tgridheight:680,\n\t\t\tlazyType:\"none\",\n\t\t\tparallax: {\n\t\t\t\ttype:\"mouse\",\n\t\t\t\torigo:\"enterpoint\",\n\t\t\t\tspeed:400,\n\t\t\t\tspeedbg:0,\n\t\t\t\tspeedls:0,\n\t\t\t\tlevels:[5,10,15,20,25,30,35,40,45,46,47,48,49,50,51,55],\n\t\t\t},\n\t\t\tshadow:0,\n\t\t\tspinner:\"spinner0\",\n\t\t\tstopLoop:\"off\",\n\t\t\tstopAfterLoops:-1,\n\t\t\tstopAtSlide:-1,\n\t\t\tshuffle:\"off\",\n\t\t\tautoHeight:\"off\",\n\t\t\tdisableProgressBar:\"on\",\n\t\t\thideThumbsOnMobile:\"off\",\n\t\t\thideSliderAtLimit:0,\n\t\t\thideCaptionAtLimit:0,\n\t\t\thideAllCaptionAtLilmit:0,\n\t\t\tdebugMode:false,\n\t\t\tfallbacks: {\n\t\t\t\tsimplifyAll:\"off\",\n\t\t\t\tnextSlideOnWindowFocus:\"off\",\n\t\t\t\tdisableFocusListener:false,\n\t\t\t}\n\t\t});\n\t}; \/* END OF revapi call *\/\n\t\n }; \/* END OF ON LOAD FUNCTION *\/\n}()); \/* END OF WRAPPING FUNCTION *\/\n<\/script>\n\t\t<\/div><!-- END REVOLUTION SLIDER --><\/p>\n<div class=\"parallax-container parallax-content\"> <span style=\"color:#FFF\">Scroll down<\/span>\n<\/div>\n<\/div>\n<div class=\"losange\"><img loading=\"lazy\" decoding=\"async\" src=\"https:\/\/www.chateau-malleret.fr\/wp-content\/uploads\/2019\/01\/losange.png\" alt=\"Ch\u00e2teau de Malleret\" width=\"60\" height=\"92\" class=\"alignnone size-full wp-image-45\" \/><\/div>\n<div class=\"gris\">\n<div class=\"txtcontent\">\n<h2>Cellars: <br \/>new technical buildings,<br \/>\nfor tailor-made vinification<\/h2>\n<p>All the steps in the vinification process have now been revised to meet the estate\u2019s new requirements and ambitions.<br \/>\nArchitect Sylvain Dubuisson was called in to re-think the whole of the enlarged and redesigned vat room.<\/p>\n<\/div>\n<\/div>\n<div class=\"full\">\n<div class=\"mid hist\">\n<p> \u201cAt Malleret, there remains the spirit of a long line of prestigious owners. The ch\u00e2teau, which bears traces of transformations spanning several centuries, and the beautiful 19th century park, are immersed in a vast property of vineyards and woods. Near the ch\u00e2teau, the newly renovated stud shows a taste for excellence.<\/p>\n<p>At the entrance to the estate, the creation of new winemaking facilities in new or renovated buildings resonates with the history and spirit of the place to the point of almost appearing obvious. Although profoundly restructured, the buildings form a classical composition from their various angles and blend history with the present.<\/p>\n<\/div>\n<div class=\"mid hist\">\n<p>On the Chemin de Malleret side, the new vat room in the centre, covered with a monumental white trellis on an ochre background and bordered on one side by the bottle store and on the other by the cellars, makes the most of the modernity of its awning.<\/p>\n<p>On the park side, the buildings form a courtyard in front of a brick-clad gallery. And to the right of the vat room, a white shade marks the entrance and protects the two large windows of the inner naves.<\/p>\n<p>The different trades, each in their field, have created, at our instigation, works that express the high quality of their know-how, a quality that values them as highly as that of the owners who offer them the opportunity for excellence.\u201d <\/p>\n<\/div>\n<\/div>\n<div class=\"clear\"><\/div>\n\n<div id=\"rev_slider_12_2_wrapper\" class=\"rev_slider_wrapper fullwidthbanner-container\" data-source=\"gallery\" style=\"margin:0px auto;background:transparent;padding:0px;margin-top:0px;margin-bottom:0px;\">\n<!-- START REVOLUTION SLIDER 5.4.8.3 auto mode -->\n\t<div id=\"rev_slider_12_2\" class=\"rev_slider fullwidthabanner\" style=\"display:none;\" data-version=\"5.4.8.3\">\n<ul>\t<!-- SLIDE  -->\n\t<li data-index=\"rs-16\" data-transition=\"fade\" data-slotamount=\"default\" data-hideafterloop=\"0\" data-hideslideonmobile=\"off\"  data-easein=\"default\" data-easeout=\"default\" data-masterspeed=\"300\"  data-rotate=\"0\"  data-saveperformance=\"off\"  data-title=\"Slide\" data-param1=\"\" data-param2=\"\" data-param3=\"\" data-param4=\"\" data-param5=\"\" data-param6=\"\" data-param7=\"\" data-param8=\"\" data-param9=\"\" data-param10=\"\" data-description=\"\">\n\t\t<!-- MAIN IMAGE -->\n\t\t<img loading=\"lazy\" decoding=\"async\" src=\"https:\/\/www.chateau-malleret.fr\/wp-content\/uploads\/2019\/07\/chais3.jpg\"  alt=\"\" title=\"chais3\"  width=\"1920\" height=\"590\" data-bgposition=\"center center\" data-bgfit=\"cover\" data-bgrepeat=\"no-repeat\" data-bgparallax=\"14\" class=\"rev-slidebg\" data-no-retina>\n\t\t<!-- LAYERS -->\n\t<\/li>\n<\/ul>\n<div class=\"tp-bannertimer tp-bottom\" style=\"visibility: hidden !important;\"><\/div>\t<\/div>\n<script>var htmlDiv = document.getElementById(\"rs-plugin-settings-inline-css\"); var htmlDivCss=\"\";\n\t\t\t\tif(htmlDiv) {\n\t\t\t\t\thtmlDiv.innerHTML = htmlDiv.innerHTML + htmlDivCss;\n\t\t\t\t}else{\n\t\t\t\t\tvar htmlDiv = document.createElement(\"div\");\n\t\t\t\t\thtmlDiv.innerHTML = \"<style>\" + htmlDivCss + \"<\/style>\";\n\t\t\t\t\tdocument.getElementsByTagName(\"head\")[0].appendChild(htmlDiv.childNodes[0]);\n\t\t\t\t}\n\t\t\t<\/script>\n\t\t<script type=\"text\/javascript\">\nif (setREVStartSize!==undefined) setREVStartSize(\n\t{c: '#rev_slider_12_2', gridwidth: [1240], gridheight: [680], sliderLayout: 'auto'});\n\t\t\t\nvar revapi12,\n\ttpj;\t\n(function() {\t\t\t\n\tif (!\/loaded|interactive|complete\/.test(document.readyState)) document.addEventListener(\"DOMContentLoaded\",onLoad); else onLoad();\t\n\tfunction onLoad() {\t\t\t\t\n\t\tif (tpj===undefined) { tpj = jQuery; if(\"off\" == \"on\") tpj.noConflict();}\n\tif(tpj(\"#rev_slider_12_2\").revolution == undefined){\n\t\trevslider_showDoubleJqueryError(\"#rev_slider_12_2\");\n\t}else{\n\t\trevapi12 = tpj(\"#rev_slider_12_2\").show().revolution({\n\t\t\tsliderType:\"standard\",\n\t\t\tjsFileLocation:\"\/\/www.chateau-malleret.fr\/wp-content\/plugins\/revslider\/public\/assets\/js\/\",\n\t\t\tsliderLayout:\"auto\",\n\t\t\tdottedOverlay:\"none\",\n\t\t\tdelay:9000,\n\t\t\tnavigation: {\n\t\t\t\tonHoverStop:\"off\",\n\t\t\t},\n\t\t\tvisibilityLevels:[1240,1024,778,480],\n\t\t\tgridwidth:1240,\n\t\t\tgridheight:680,\n\t\t\tlazyType:\"none\",\n\t\t\tparallax: {\n\t\t\t\ttype:\"mouse\",\n\t\t\t\torigo:\"enterpoint\",\n\t\t\t\tspeed:400,\n\t\t\t\tspeedbg:0,\n\t\t\t\tspeedls:0,\n\t\t\t\tlevels:[5,10,15,20,25,30,35,40,45,46,47,48,49,50,51,55],\n\t\t\t},\n\t\t\tshadow:0,\n\t\t\tspinner:\"spinner0\",\n\t\t\tstopLoop:\"off\",\n\t\t\tstopAfterLoops:-1,\n\t\t\tstopAtSlide:-1,\n\t\t\tshuffle:\"off\",\n\t\t\tautoHeight:\"off\",\n\t\t\tdisableProgressBar:\"on\",\n\t\t\thideThumbsOnMobile:\"off\",\n\t\t\thideSliderAtLimit:0,\n\t\t\thideCaptionAtLimit:0,\n\t\t\thideAllCaptionAtLilmit:0,\n\t\t\tdebugMode:false,\n\t\t\tfallbacks: {\n\t\t\t\tsimplifyAll:\"off\",\n\t\t\t\tnextSlideOnWindowFocus:\"off\",\n\t\t\t\tdisableFocusListener:false,\n\t\t\t}\n\t\t});\n\t}; \/* END OF revapi call *\/\n\t\n }; \/* END OF ON LOAD FUNCTION *\/\n}()); \/* END OF WRAPPING FUNCTION *\/\n<\/script>\n\t\t<\/div><!-- END REVOLUTION SLIDER -->\n<div class=\"losange\"><img loading=\"lazy\" decoding=\"async\" src=\"https:\/\/www.chateau-malleret.fr\/wp-content\/uploads\/2019\/01\/losange.png\" alt=\"Ch\u00e2teau de Malleret\" width=\"60\" height=\"92\" class=\"alignnone size-full wp-image-45\" \/><\/div>\n<div class=\"full\">\n<div class=\"ter ter2 midA\">\n<img loading=\"lazy\" decoding=\"async\" src=\"https:\/\/www.chateau-malleret.fr\/wp-content\/uploads\/2019\/07\/cuves4.jpg\" alt=\"Ch\u00e2teau de Malleret\" width=\"1280\" height=\"792\" class=\"alignnone size-full wp-image-182\" \/>\n<\/div>\n<div class=\"ter midA\">\n<div class=\"text txtcontent txtimg\">\n<p>A series of concrete tanks, with capacities ranging from 60 to 140 hl and wood tanks of 40 hl, allows each plot to be kept separate for more precise blending. Filling is by gravity.<br \/>\nThe cellars have been reconfigured to accommodate around a thousand barrels.<br \/>\nThanks to the earth-to-air heat exchangers, they operate using passive energy.<\/p>\n<\/div>\n<\/div>\n<\/div>\n<div class=\"clear\"><\/div>\n<div class=\"full\">\n<div class=\"mid\" style=\"padding-top:0\">\n<h3>Passive buildings<\/h3>\n<p>The new winery facilities and vat house were designed to limit energy consumption per square metre. This approach is fully in line with the estate\u2019s commitment and enables it to limit water and power consumption, greenhouse gas emissions, discharge into rivers, air pollution, and waste generation.<\/p>\n<p>Earth cooling tubes were also set up, together with geothermal energy, heavy insulation using natural products (wood wool and cork aggregate), the addition of a sun-shade and mashrabiyas on the south side to limit the impact of sunshine, and also ventilation stacks.<\/p>\n<\/div>\n<div class=\"mid\" style=\"padding-top:0\">\n<h3>Adapted equipment in winery facilities<\/h3>\n<p>The use of a Barrilav, a rotary scrubber for barrels, helps to reduce water and electricity consumption and limit the need for handling by winery workers.<\/p>\n<p>This washing process is supplemented by the use of UV wands, a proven alternative to sulphur burning, which reduces sulphites in wines and limits the risk to users and consumers.<\/p>\n<\/div>\n<\/div>\n<div class=\"clear\"><\/div>\n\n<div id=\"rev_slider_13_3_wrapper\" class=\"rev_slider_wrapper fullwidthbanner-container\" data-source=\"gallery\" style=\"margin:0px auto;background:transparent;padding:0px;margin-top:0px;margin-bottom:0px;\">\n<!-- START REVOLUTION SLIDER 5.4.8.3 auto mode -->\n\t<div id=\"rev_slider_13_3\" class=\"rev_slider fullwidthabanner\" style=\"display:none;\" data-version=\"5.4.8.3\">\n<ul>\t<!-- SLIDE  -->\n\t<li data-index=\"rs-17\" data-transition=\"fade\" data-slotamount=\"default\" data-hideafterloop=\"0\" data-hideslideonmobile=\"off\"  data-easein=\"default\" data-easeout=\"default\" data-masterspeed=\"300\"  data-rotate=\"0\"  data-saveperformance=\"off\"  data-title=\"Slide\" data-param1=\"\" data-param2=\"\" data-param3=\"\" data-param4=\"\" data-param5=\"\" data-param6=\"\" data-param7=\"\" data-param8=\"\" data-param9=\"\" data-param10=\"\" data-description=\"\">\n\t\t<!-- MAIN IMAGE -->\n\t\t<img loading=\"lazy\" decoding=\"async\" src=\"https:\/\/www.chateau-malleret.fr\/wp-content\/uploads\/2019\/07\/barriques4.jpg\"  alt=\"\" title=\"barriques4\"  width=\"1920\" height=\"590\" data-bgposition=\"center center\" data-bgfit=\"cover\" data-bgrepeat=\"no-repeat\" data-bgparallax=\"14\" class=\"rev-slidebg\" data-no-retina>\n\t\t<!-- LAYERS -->\n\t<\/li>\n<\/ul>\n<div class=\"tp-bannertimer tp-bottom\" style=\"visibility: hidden !important;\"><\/div>\t<\/div>\n<script>var htmlDiv = document.getElementById(\"rs-plugin-settings-inline-css\"); var htmlDivCss=\"\";\n\t\t\t\tif(htmlDiv) {\n\t\t\t\t\thtmlDiv.innerHTML = htmlDiv.innerHTML + htmlDivCss;\n\t\t\t\t}else{\n\t\t\t\t\tvar htmlDiv = document.createElement(\"div\");\n\t\t\t\t\thtmlDiv.innerHTML = \"<style>\" + htmlDivCss + \"<\/style>\";\n\t\t\t\t\tdocument.getElementsByTagName(\"head\")[0].appendChild(htmlDiv.childNodes[0]);\n\t\t\t\t}\n\t\t\t<\/script>\n\t\t<script type=\"text\/javascript\">\nif (setREVStartSize!==undefined) setREVStartSize(\n\t{c: '#rev_slider_13_3', gridwidth: [1240], gridheight: [680], sliderLayout: 'auto'});\n\t\t\t\nvar revapi13,\n\ttpj;\t\n(function() {\t\t\t\n\tif (!\/loaded|interactive|complete\/.test(document.readyState)) document.addEventListener(\"DOMContentLoaded\",onLoad); else onLoad();\t\n\tfunction onLoad() {\t\t\t\t\n\t\tif (tpj===undefined) { tpj = jQuery; if(\"off\" == \"on\") tpj.noConflict();}\n\tif(tpj(\"#rev_slider_13_3\").revolution == undefined){\n\t\trevslider_showDoubleJqueryError(\"#rev_slider_13_3\");\n\t}else{\n\t\trevapi13 = tpj(\"#rev_slider_13_3\").show().revolution({\n\t\t\tsliderType:\"standard\",\n\t\t\tjsFileLocation:\"\/\/www.chateau-malleret.fr\/wp-content\/plugins\/revslider\/public\/assets\/js\/\",\n\t\t\tsliderLayout:\"auto\",\n\t\t\tdottedOverlay:\"none\",\n\t\t\tdelay:9000,\n\t\t\tnavigation: {\n\t\t\t\tonHoverStop:\"off\",\n\t\t\t},\n\t\t\tvisibilityLevels:[1240,1024,778,480],\n\t\t\tgridwidth:1240,\n\t\t\tgridheight:680,\n\t\t\tlazyType:\"none\",\n\t\t\tparallax: {\n\t\t\t\ttype:\"mouse\",\n\t\t\t\torigo:\"enterpoint\",\n\t\t\t\tspeed:400,\n\t\t\t\tspeedbg:0,\n\t\t\t\tspeedls:0,\n\t\t\t\tlevels:[5,10,15,20,25,30,35,40,45,46,47,48,49,50,51,55],\n\t\t\t},\n\t\t\tshadow:0,\n\t\t\tspinner:\"spinner0\",\n\t\t\tstopLoop:\"off\",\n\t\t\tstopAfterLoops:-1,\n\t\t\tstopAtSlide:-1,\n\t\t\tshuffle:\"off\",\n\t\t\tautoHeight:\"off\",\n\t\t\tdisableProgressBar:\"on\",\n\t\t\thideThumbsOnMobile:\"off\",\n\t\t\thideSliderAtLimit:0,\n\t\t\thideCaptionAtLimit:0,\n\t\t\thideAllCaptionAtLilmit:0,\n\t\t\tdebugMode:false,\n\t\t\tfallbacks: {\n\t\t\t\tsimplifyAll:\"off\",\n\t\t\t\tnextSlideOnWindowFocus:\"off\",\n\t\t\t\tdisableFocusListener:false,\n\t\t\t}\n\t\t});\n\t}; \/* END OF revapi call *\/\n\t\n }; \/* END OF ON LOAD FUNCTION *\/\n}()); \/* END OF WRAPPING FUNCTION *\/\n<\/script>\n\t\t<\/div><!-- END REVOLUTION SLIDER -->\n<div class=\"clear\"><\/div>\n<div class=\"full center\" style=\"margin-top:100px\">\n<div class=\"cycle-slideshow\">\n<img loading=\"lazy\" decoding=\"async\" src=\"https:\/\/www.chateau-malleret.fr\/wp-content\/uploads\/2019\/07\/chais_b2.jpg\" alt=\"Ch\u00e2teau de Malleret\" width=\"1440\" height=\"638\" class=\"alignnone size-full wp-image-260\" \/><img loading=\"lazy\" decoding=\"async\" src=\"https:\/\/www.chateau-malleret.fr\/wp-content\/uploads\/2019\/07\/chais_b3.jpg\" alt=\"Ch\u00e2teau de Malleret\" width=\"1440\" height=\"638\" class=\"alignnone size-full wp-image-260\" \/><img loading=\"lazy\" decoding=\"async\" src=\"https:\/\/www.chateau-malleret.fr\/wp-content\/uploads\/2019\/07\/chais_b4.jpg\" alt=\"Ch\u00e2teau de Malleret\" width=\"1440\" height=\"638\" class=\"alignnone size-full wp-image-260\" \/>\n<\/div>\n<\/div>\n<div class=\"clear\" style=\"margin-bottom:100px\"><\/div>\n","protected":false},"excerpt":{"rendered":"<p>Scroll down Cellars: new technical buildings, for tailor-made vinification All the steps in the vinification process have now been revised to meet the estate\u2019s new requirements and ambitions. Architect Sylvain Dubuisson was called in to re-think the whole of the enlarged and redesigned vat room. \u201cAt Malleret, there remains the spirit of a long line [&hellip;]<\/p>\n","protected":false},"author":1,"featured_media":0,"parent":0,"menu_order":0,"comment_status":"closed","ping_status":"closed","template":"","meta":{"footnotes":""},"class_list":["post-490","page","type-page","status-publish","hentry"],"yoast_head":"<!-- This site is optimized with the Yoast SEO plugin v26.5 - https:\/\/yoast.com\/wordpress\/plugins\/seo\/ -->\n<title>Ch\u00e2teau de Malleret - Cru Bourgeois Exceptionnel - AOC Haut-M\u00e9doc<\/title>\n<meta name=\"description\" content=\"The Ch\u00e2teau de Malleret is a unique wine estate of 350 Ha, located at the gates of Bordeaux.\" \/>\n<meta name=\"robots\" content=\"index, follow, max-snippet:-1, max-image-preview:large, max-video-preview:-1\" \/>\n<link rel=\"canonical\" href=\"https:\/\/www.chateau-malleret.fr\/en\/the-cellars\/\" \/>\n<meta property=\"og:locale\" content=\"en_US\" \/>\n<meta property=\"og:type\" content=\"article\" \/>\n<meta property=\"og:title\" content=\"Ch\u00e2teau de Malleret - Cru Bourgeois Exceptionnel - AOC Haut-M\u00e9doc\" \/>\n<meta property=\"og:description\" content=\"The Ch\u00e2teau de Malleret is a unique wine estate of 350 Ha, located at the gates of Bordeaux.\" \/>\n<meta property=\"og:url\" content=\"https:\/\/www.chateau-malleret.fr\/en\/the-cellars\/\" \/>\n<meta property=\"og:site_name\" content=\"Ch\u00e2teau de Malleret\" \/>\n<meta property=\"article:modified_time\" content=\"2020-11-01T22:07:46+00:00\" \/>\n<meta property=\"og:image\" content=\"https:\/\/www.chateau-malleret.fr\/wp-content\/uploads\/2019\/01\/losange.png\" \/>\n<meta name=\"twitter:card\" content=\"summary_large_image\" \/>\n<meta name=\"twitter:label1\" content=\"Est. reading time\" \/>\n\t<meta name=\"twitter:data1\" content=\"2 minutes\" \/>\n<script type=\"application\/ld+json\" class=\"yoast-schema-graph\">{\"@context\":\"https:\/\/schema.org\",\"@graph\":[{\"@type\":\"WebPage\",\"@id\":\"https:\/\/www.chateau-malleret.fr\/en\/the-cellars\/\",\"url\":\"https:\/\/www.chateau-malleret.fr\/en\/the-cellars\/\",\"name\":\"Ch\u00e2teau de Malleret - Cru Bourgeois Exceptionnel - AOC Haut-M\u00e9doc\",\"isPartOf\":{\"@id\":\"https:\/\/www.chateau-malleret.fr\/en\/#website\"},\"primaryImageOfPage\":{\"@id\":\"https:\/\/www.chateau-malleret.fr\/en\/the-cellars\/#primaryimage\"},\"image\":{\"@id\":\"https:\/\/www.chateau-malleret.fr\/en\/the-cellars\/#primaryimage\"},\"thumbnailUrl\":\"https:\/\/www.chateau-malleret.fr\/wp-content\/uploads\/2019\/01\/losange.png\",\"datePublished\":\"2019-06-12T11:10:49+00:00\",\"dateModified\":\"2020-11-01T22:07:46+00:00\",\"description\":\"The Ch\u00e2teau de Malleret is a unique wine estate of 350 Ha, located at the gates of Bordeaux.\",\"breadcrumb\":{\"@id\":\"https:\/\/www.chateau-malleret.fr\/en\/the-cellars\/#breadcrumb\"},\"inLanguage\":\"en-US\",\"potentialAction\":[{\"@type\":\"ReadAction\",\"target\":[\"https:\/\/www.chateau-malleret.fr\/en\/the-cellars\/\"]}]},{\"@type\":\"ImageObject\",\"inLanguage\":\"en-US\",\"@id\":\"https:\/\/www.chateau-malleret.fr\/en\/the-cellars\/#primaryimage\",\"url\":\"https:\/\/www.chateau-malleret.fr\/wp-content\/uploads\/2019\/01\/losange.png\",\"contentUrl\":\"https:\/\/www.chateau-malleret.fr\/wp-content\/uploads\/2019\/01\/losange.png\"},{\"@type\":\"BreadcrumbList\",\"@id\":\"https:\/\/www.chateau-malleret.fr\/en\/the-cellars\/#breadcrumb\",\"itemListElement\":[{\"@type\":\"ListItem\",\"position\":1,\"name\":\"Accueil\",\"item\":\"https:\/\/www.chateau-malleret.fr\/en\/\"},{\"@type\":\"ListItem\",\"position\":2,\"name\":\"The cellars\"}]},{\"@type\":\"WebSite\",\"@id\":\"https:\/\/www.chateau-malleret.fr\/en\/#website\",\"url\":\"https:\/\/www.chateau-malleret.fr\/en\/\",\"name\":\"Ch\u00e2teau de Malleret\",\"description\":\"\",\"potentialAction\":[{\"@type\":\"SearchAction\",\"target\":{\"@type\":\"EntryPoint\",\"urlTemplate\":\"https:\/\/www.chateau-malleret.fr\/en\/?s={search_term_string}\"},\"query-input\":{\"@type\":\"PropertyValueSpecification\",\"valueRequired\":true,\"valueName\":\"search_term_string\"}}],\"inLanguage\":\"en-US\"}]}<\/script>\n<!-- \/ Yoast SEO plugin. -->","yoast_head_json":{"title":"Ch\u00e2teau de Malleret - Cru Bourgeois Exceptionnel - AOC Haut-M\u00e9doc","description":"The Ch\u00e2teau de Malleret is a unique wine estate of 350 Ha, located at the gates of Bordeaux.","robots":{"index":"index","follow":"follow","max-snippet":"max-snippet:-1","max-image-preview":"max-image-preview:large","max-video-preview":"max-video-preview:-1"},"canonical":"https:\/\/www.chateau-malleret.fr\/en\/the-cellars\/","og_locale":"en_US","og_type":"article","og_title":"Ch\u00e2teau de Malleret - Cru Bourgeois Exceptionnel - AOC Haut-M\u00e9doc","og_description":"The Ch\u00e2teau de Malleret is a unique wine estate of 350 Ha, located at the gates of Bordeaux.","og_url":"https:\/\/www.chateau-malleret.fr\/en\/the-cellars\/","og_site_name":"Ch\u00e2teau de Malleret","article_modified_time":"2020-11-01T22:07:46+00:00","og_image":[{"url":"https:\/\/www.chateau-malleret.fr\/wp-content\/uploads\/2019\/01\/losange.png","type":"","width":"","height":""}],"twitter_card":"summary_large_image","twitter_misc":{"Est. reading time":"2 minutes"},"schema":{"@context":"https:\/\/schema.org","@graph":[{"@type":"WebPage","@id":"https:\/\/www.chateau-malleret.fr\/en\/the-cellars\/","url":"https:\/\/www.chateau-malleret.fr\/en\/the-cellars\/","name":"Ch\u00e2teau de Malleret - Cru Bourgeois Exceptionnel - AOC Haut-M\u00e9doc","isPartOf":{"@id":"https:\/\/www.chateau-malleret.fr\/en\/#website"},"primaryImageOfPage":{"@id":"https:\/\/www.chateau-malleret.fr\/en\/the-cellars\/#primaryimage"},"image":{"@id":"https:\/\/www.chateau-malleret.fr\/en\/the-cellars\/#primaryimage"},"thumbnailUrl":"https:\/\/www.chateau-malleret.fr\/wp-content\/uploads\/2019\/01\/losange.png","datePublished":"2019-06-12T11:10:49+00:00","dateModified":"2020-11-01T22:07:46+00:00","description":"The Ch\u00e2teau de Malleret is a unique wine estate of 350 Ha, located at the gates of Bordeaux.","breadcrumb":{"@id":"https:\/\/www.chateau-malleret.fr\/en\/the-cellars\/#breadcrumb"},"inLanguage":"en-US","potentialAction":[{"@type":"ReadAction","target":["https:\/\/www.chateau-malleret.fr\/en\/the-cellars\/"]}]},{"@type":"ImageObject","inLanguage":"en-US","@id":"https:\/\/www.chateau-malleret.fr\/en\/the-cellars\/#primaryimage","url":"https:\/\/www.chateau-malleret.fr\/wp-content\/uploads\/2019\/01\/losange.png","contentUrl":"https:\/\/www.chateau-malleret.fr\/wp-content\/uploads\/2019\/01\/losange.png"},{"@type":"BreadcrumbList","@id":"https:\/\/www.chateau-malleret.fr\/en\/the-cellars\/#breadcrumb","itemListElement":[{"@type":"ListItem","position":1,"name":"Accueil","item":"https:\/\/www.chateau-malleret.fr\/en\/"},{"@type":"ListItem","position":2,"name":"The cellars"}]},{"@type":"WebSite","@id":"https:\/\/www.chateau-malleret.fr\/en\/#website","url":"https:\/\/www.chateau-malleret.fr\/en\/","name":"Ch\u00e2teau de Malleret","description":"","potentialAction":[{"@type":"SearchAction","target":{"@type":"EntryPoint","urlTemplate":"https:\/\/www.chateau-malleret.fr\/en\/?s={search_term_string}"},"query-input":{"@type":"PropertyValueSpecification","valueRequired":true,"valueName":"search_term_string"}}],"inLanguage":"en-US"}]}},"_links":{"self":[{"href":"https:\/\/www.chateau-malleret.fr\/en\/wp-json\/wp\/v2\/pages\/490","targetHints":{"allow":["GET"]}}],"collection":[{"href":"https:\/\/www.chateau-malleret.fr\/en\/wp-json\/wp\/v2\/pages"}],"about":[{"href":"https:\/\/www.chateau-malleret.fr\/en\/wp-json\/wp\/v2\/types\/page"}],"author":[{"embeddable":true,"href":"https:\/\/www.chateau-malleret.fr\/en\/wp-json\/wp\/v2\/users\/1"}],"replies":[{"embeddable":true,"href":"https:\/\/www.chateau-malleret.fr\/en\/wp-json\/wp\/v2\/comments?post=490"}],"version-history":[{"count":16,"href":"https:\/\/www.chateau-malleret.fr\/en\/wp-json\/wp\/v2\/pages\/490\/revisions"}],"predecessor-version":[{"id":908,"href":"https:\/\/www.chateau-malleret.fr\/en\/wp-json\/wp\/v2\/pages\/490\/revisions\/908"}],"wp:attachment":[{"href":"https:\/\/www.chateau-malleret.fr\/en\/wp-json\/wp\/v2\/media?parent=490"}],"curies":[{"name":"wp","href":"https:\/\/api.w.org\/{rel}","templated":true}]}}