{"id":480,"date":"2019-06-12T13:08:19","date_gmt":"2019-06-12T11:08:19","guid":{"rendered":"https:\/\/www.chateau-malleret.fr\/?page_id=480"},"modified":"2024-11-04T22:47:31","modified_gmt":"2024-11-04T21:47:31","slug":"contact","status":"publish","type":"page","link":"https:\/\/www.chateau-malleret.fr\/en\/contact\/","title":{"rendered":"Contact"},"content":{"rendered":"<div class=\"gris carte\">\n<div class=\"full\" >\n<div class=\"m25c\" style=\"color:#FFF\">\n<p><span>Ch\u00e2teau de Malleret<\/span><br \/>\n<a href=\"https:\/\/goo.gl\/maps\/7ZdP3DHS19kgrot59\" target=\"_blank\" rel=\"noopener noreferrer\"><span style=\"color:#a68329;font-size:12px;text-decoration:none\">470, chemin de Malleret<br \/>\n33290 Le Pian-M\u00e9doc<\/span><\/a><\/p>\n<p><span>Contact details<\/span><br \/>\n<span style=\"color:#a68329;font-size:12px\">T\u00e9l. <a style=\"color:#a68329;text-decoration:none\" href=\"tel:+33556350536\" target=\"_blank\" rel=\"noopener noreferrer\">+33 (0)5 56 35 05 36<\/a><br \/>\n<a style=\"color:#a68329;text-decoration:none\" href=\"mailto:contact@chateau-malleret.fr\" target=\"_blank\" rel=\"noopener noreferrer\">contact@chateau-malleret.fr<\/a><\/span><\/p>\n<p><span>Opening hours<\/span><br \/>\n<span style=\"color:#a68329;font-size:12px\">Monday to Friday<br \/>\n9am-12pm and 2pm-5pmt<\/span><br \/>\n<span style=\"color:#FFF;font-size:16px\">Visit and tasting by appointment<\/span><br \/>\n<span style=\"color:#a68329;font-size:12px\">15\u20ac\/person<\/span>\n<\/p>\n<\/div>\n<div class=\"mid\">\n<a href=\"https:\/\/goo.gl\/maps\/7ZdP3DHS19kgrot59\" target=\"_blank\" rel=\"noopener noreferrer\"><img loading=\"lazy\" decoding=\"async\" src=\"https:\/\/www.chateau-malleret.fr\/wp-content\/uploads\/2019\/07\/chateau-de-malleret-map.png\" alt=\"Ch\u00e2teau de Malleret\" width=\"1979\" height=\"1227\" class=\"alignnone size-full wp-image-409\" \/><\/a>\n<\/div>\n<div class=\"m25c\"  style=\"color:#FFF\">\n<p><span>Visit<br \/>\nLe Haras de Malleret website<\/span><br \/>\n<a href=\"https:\/\/www.haras-malleret.com\/\" target=\"_blank\" rel=\"noopener noreferrer\" style=\"text-decoration:none;color:#a68329;font-size:14px\">Link to website<\/a><\/p>\n<p><a href=\"https:\/\/www.haras-malleret.com\/\" target=\"_blank\" rel=\"noopener noreferrer\" style=\"text-decoration:none\"><img loading=\"lazy\" decoding=\"async\" src=\"https:\/\/www.chateau-malleret.fr\/wp-content\/uploads\/2019\/07\/logo_haras_b2.png\" alt=\"Le Haras de Malleret\" width=\"112\" height=\"140\" class=\"alignnone size-full wp-image-341\" \/><\/a><\/p>\n<\/div>\n<\/div>\n<\/div>\n<div class=\"clear\"><\/div>\n<div style=\"margin-top:100px\"><\/div>\n","protected":false},"excerpt":{"rendered":"<p>Ch\u00e2teau de Malleret 470, chemin de Malleret 33290 Le Pian-M\u00e9doc Contact details T\u00e9l. +33 (0)5 56 35 05 36 contact@chateau-malleret.fr Opening hours Monday to Friday 9am-12pm and 2pm-5pmt Visit and tasting by appointment 15\u20ac\/person Visit Le Haras de Malleret website Link to website<\/p>\n","protected":false},"author":1,"featured_media":0,"parent":0,"menu_order":0,"comment_status":"closed","ping_status":"closed","template":"","meta":{"footnotes":""},"class_list":["post-480","page","type-page","status-publish","hentry"],"yoast_head":"<!-- This site is optimized with the Yoast SEO plugin v26.5 - https:\/\/yoast.com\/wordpress\/plugins\/seo\/ -->\n<title>Ch\u00e2teau de Malleret - Cru Bourgeois Exceptionnel - AOC Haut-M\u00e9doc<\/title>\n<meta name=\"description\" content=\"The Ch\u00e2teau de Malleret is a unique wine estate of 350 Ha, located at the gates of Bordeaux.\" \/>\n<meta name=\"robots\" content=\"index, follow, max-snippet:-1, max-image-preview:large, max-video-preview:-1\" \/>\n<link rel=\"canonical\" href=\"https:\/\/www.chateau-malleret.fr\/en\/contact\/\" \/>\n<meta property=\"og:locale\" content=\"en_US\" \/>\n<meta property=\"og:type\" content=\"article\" \/>\n<meta property=\"og:title\" content=\"Ch\u00e2teau de Malleret - Cru Bourgeois Exceptionnel - AOC Haut-M\u00e9doc\" \/>\n<meta property=\"og:description\" content=\"The Ch\u00e2teau de Malleret is a unique wine estate of 350 Ha, located at the gates of Bordeaux.\" \/>\n<meta property=\"og:url\" content=\"https:\/\/www.chateau-malleret.fr\/en\/contact\/\" \/>\n<meta property=\"og:site_name\" content=\"Ch\u00e2teau de Malleret\" \/>\n<meta property=\"article:modified_time\" content=\"2024-11-04T21:47:31+00:00\" \/>\n<meta property=\"og:image\" content=\"https:\/\/www.chateau-malleret.fr\/wp-content\/uploads\/2019\/05\/map.png\" \/>\n\t<meta property=\"og:image:width\" content=\"1979\" \/>\n\t<meta property=\"og:image:height\" content=\"1227\" \/>\n\t<meta property=\"og:image:type\" content=\"image\/png\" \/>\n<meta name=\"twitter:card\" content=\"summary_large_image\" \/>\n<meta name=\"twitter:label1\" content=\"Est. reading time\" \/>\n\t<meta name=\"twitter:data1\" content=\"1 minute\" \/>\n<script type=\"application\/ld+json\" class=\"yoast-schema-graph\">{\"@context\":\"https:\/\/schema.org\",\"@graph\":[{\"@type\":\"WebPage\",\"@id\":\"https:\/\/www.chateau-malleret.fr\/en\/contact\/\",\"url\":\"https:\/\/www.chateau-malleret.fr\/en\/contact\/\",\"name\":\"Ch\u00e2teau de Malleret - Cru Bourgeois Exceptionnel - AOC Haut-M\u00e9doc\",\"isPartOf\":{\"@id\":\"https:\/\/www.chateau-malleret.fr\/en\/#website\"},\"primaryImageOfPage\":{\"@id\":\"https:\/\/www.chateau-malleret.fr\/en\/contact\/#primaryimage\"},\"image\":{\"@id\":\"https:\/\/www.chateau-malleret.fr\/en\/contact\/#primaryimage\"},\"thumbnailUrl\":\"https:\/\/www.chateau-malleret.fr\/wp-content\/uploads\/2019\/07\/chateau-de-malleret-map.png\",\"datePublished\":\"2019-06-12T11:08:19+00:00\",\"dateModified\":\"2024-11-04T21:47:31+00:00\",\"description\":\"The Ch\u00e2teau de Malleret is a unique wine estate of 350 Ha, located at the gates of Bordeaux.\",\"breadcrumb\":{\"@id\":\"https:\/\/www.chateau-malleret.fr\/en\/contact\/#breadcrumb\"},\"inLanguage\":\"en-US\",\"potentialAction\":[{\"@type\":\"ReadAction\",\"target\":[\"https:\/\/www.chateau-malleret.fr\/en\/contact\/\"]}]},{\"@type\":\"ImageObject\",\"inLanguage\":\"en-US\",\"@id\":\"https:\/\/www.chateau-malleret.fr\/en\/contact\/#primaryimage\",\"url\":\"https:\/\/www.chateau-malleret.fr\/wp-content\/uploads\/2019\/07\/chateau-de-malleret-map.png\",\"contentUrl\":\"https:\/\/www.chateau-malleret.fr\/wp-content\/uploads\/2019\/07\/chateau-de-malleret-map.png\"},{\"@type\":\"BreadcrumbList\",\"@id\":\"https:\/\/www.chateau-malleret.fr\/en\/contact\/#breadcrumb\",\"itemListElement\":[{\"@type\":\"ListItem\",\"position\":1,\"name\":\"Accueil\",\"item\":\"https:\/\/www.chateau-malleret.fr\/en\/\"},{\"@type\":\"ListItem\",\"position\":2,\"name\":\"Contact\"}]},{\"@type\":\"WebSite\",\"@id\":\"https:\/\/www.chateau-malleret.fr\/en\/#website\",\"url\":\"https:\/\/www.chateau-malleret.fr\/en\/\",\"name\":\"Ch\u00e2teau de Malleret\",\"description\":\"\",\"potentialAction\":[{\"@type\":\"SearchAction\",\"target\":{\"@type\":\"EntryPoint\",\"urlTemplate\":\"https:\/\/www.chateau-malleret.fr\/en\/?s={search_term_string}\"},\"query-input\":{\"@type\":\"PropertyValueSpecification\",\"valueRequired\":true,\"valueName\":\"search_term_string\"}}],\"inLanguage\":\"en-US\"}]}<\/script>\n<!-- \/ Yoast SEO plugin. -->","yoast_head_json":{"title":"Ch\u00e2teau de Malleret - Cru Bourgeois Exceptionnel - AOC Haut-M\u00e9doc","description":"The Ch\u00e2teau de Malleret is a unique wine estate of 350 Ha, located at the gates of Bordeaux.","robots":{"index":"index","follow":"follow","max-snippet":"max-snippet:-1","max-image-preview":"max-image-preview:large","max-video-preview":"max-video-preview:-1"},"canonical":"https:\/\/www.chateau-malleret.fr\/en\/contact\/","og_locale":"en_US","og_type":"article","og_title":"Ch\u00e2teau de Malleret - Cru Bourgeois Exceptionnel - AOC Haut-M\u00e9doc","og_description":"The Ch\u00e2teau de Malleret is a unique wine estate of 350 Ha, located at the gates of Bordeaux.","og_url":"https:\/\/www.chateau-malleret.fr\/en\/contact\/","og_site_name":"Ch\u00e2teau de Malleret","article_modified_time":"2024-11-04T21:47:31+00:00","og_image":[{"width":1979,"height":1227,"url":"https:\/\/www.chateau-malleret.fr\/wp-content\/uploads\/2019\/05\/map.png","type":"image\/png"}],"twitter_card":"summary_large_image","twitter_misc":{"Est. reading time":"1 minute"},"schema":{"@context":"https:\/\/schema.org","@graph":[{"@type":"WebPage","@id":"https:\/\/www.chateau-malleret.fr\/en\/contact\/","url":"https:\/\/www.chateau-malleret.fr\/en\/contact\/","name":"Ch\u00e2teau de Malleret - Cru Bourgeois Exceptionnel - AOC Haut-M\u00e9doc","isPartOf":{"@id":"https:\/\/www.chateau-malleret.fr\/en\/#website"},"primaryImageOfPage":{"@id":"https:\/\/www.chateau-malleret.fr\/en\/contact\/#primaryimage"},"image":{"@id":"https:\/\/www.chateau-malleret.fr\/en\/contact\/#primaryimage"},"thumbnailUrl":"https:\/\/www.chateau-malleret.fr\/wp-content\/uploads\/2019\/07\/chateau-de-malleret-map.png","datePublished":"2019-06-12T11:08:19+00:00","dateModified":"2024-11-04T21:47:31+00:00","description":"The Ch\u00e2teau de Malleret is a unique wine estate of 350 Ha, located at the gates of Bordeaux.","breadcrumb":{"@id":"https:\/\/www.chateau-malleret.fr\/en\/contact\/#breadcrumb"},"inLanguage":"en-US","potentialAction":[{"@type":"ReadAction","target":["https:\/\/www.chateau-malleret.fr\/en\/contact\/"]}]},{"@type":"ImageObject","inLanguage":"en-US","@id":"https:\/\/www.chateau-malleret.fr\/en\/contact\/#primaryimage","url":"https:\/\/www.chateau-malleret.fr\/wp-content\/uploads\/2019\/07\/chateau-de-malleret-map.png","contentUrl":"https:\/\/www.chateau-malleret.fr\/wp-content\/uploads\/2019\/07\/chateau-de-malleret-map.png"},{"@type":"BreadcrumbList","@id":"https:\/\/www.chateau-malleret.fr\/en\/contact\/#breadcrumb","itemListElement":[{"@type":"ListItem","position":1,"name":"Accueil","item":"https:\/\/www.chateau-malleret.fr\/en\/"},{"@type":"ListItem","position":2,"name":"Contact"}]},{"@type":"WebSite","@id":"https:\/\/www.chateau-malleret.fr\/en\/#website","url":"https:\/\/www.chateau-malleret.fr\/en\/","name":"Ch\u00e2teau de Malleret","description":"","potentialAction":[{"@type":"SearchAction","target":{"@type":"EntryPoint","urlTemplate":"https:\/\/www.chateau-malleret.fr\/en\/?s={search_term_string}"},"query-input":{"@type":"PropertyValueSpecification","valueRequired":true,"valueName":"search_term_string"}}],"inLanguage":"en-US"}]}},"_links":{"self":[{"href":"https:\/\/www.chateau-malleret.fr\/en\/wp-json\/wp\/v2\/pages\/480","targetHints":{"allow":["GET"]}}],"collection":[{"href":"https:\/\/www.chateau-malleret.fr\/en\/wp-json\/wp\/v2\/pages"}],"about":[{"href":"https:\/\/www.chateau-malleret.fr\/en\/wp-json\/wp\/v2\/types\/page"}],"author":[{"embeddable":true,"href":"https:\/\/www.chateau-malleret.fr\/en\/wp-json\/wp\/v2\/users\/1"}],"replies":[{"embeddable":true,"href":"https:\/\/www.chateau-malleret.fr\/en\/wp-json\/wp\/v2\/comments?post=480"}],"version-history":[{"count":29,"href":"https:\/\/www.chateau-malleret.fr\/en\/wp-json\/wp\/v2\/pages\/480\/revisions"}],"predecessor-version":[{"id":1093,"href":"https:\/\/www.chateau-malleret.fr\/en\/wp-json\/wp\/v2\/pages\/480\/revisions\/1093"}],"wp:attachment":[{"href":"https:\/\/www.chateau-malleret.fr\/en\/wp-json\/wp\/v2\/media?parent=480"}],"curies":[{"name":"wp","href":"https:\/\/api.w.org\/{rel}","templated":true}]}}